{"id":987510803,"date":"2025-05-28T14:09:06","date_gmt":"2025-05-28T19:09:06","guid":{"rendered":"https:\/\/rugbyquebec.org\/?page_id=987510803"},"modified":"2026-02-11T11:43:29","modified_gmt":"2026-02-11T16:43:29","slug":"devenir-un-club","status":"publish","type":"page","link":"https:\/\/rugbyquebec.org\/index.php\/devenir-un-club\/","title":{"rendered":"Club"},"content":{"rendered":"<p>[et_pb_section fb_built=\u00a0\u00bb1&Prime; _builder_version=\u00a0\u00bb4.27.4&Prime; _module_preset=\u00a0\u00bbdefault\u00a0\u00bb background_image=\u00a0\u00bbhttp:\/\/rugbyquebec.org\/wp-content\/uploads\/2025\/04\/Site-internet-page-de-garde.png\u00a0\u00bb da_disable_devices=\u00a0\u00bboff|off|off\u00a0\u00bb global_colors_info=\u00a0\u00bb{}\u00a0\u00bb da_is_popup=\u00a0\u00bboff\u00a0\u00bb da_exit_intent=\u00a0\u00bboff\u00a0\u00bb da_has_close=\u00a0\u00bbon\u00a0\u00bb da_alt_close=\u00a0\u00bboff\u00a0\u00bb da_dark_close=\u00a0\u00bboff\u00a0\u00bb da_not_modal=\u00a0\u00bbon\u00a0\u00bb da_is_singular=\u00a0\u00bboff\u00a0\u00bb da_with_loader=\u00a0\u00bboff\u00a0\u00bb da_has_shadow=\u00a0\u00bbon\u00a0\u00bb][et_pb_row _builder_version=\u00a0\u00bb4.27.4&Prime; _module_preset=\u00a0\u00bbdefault\u00a0\u00bb global_colors_info=\u00a0\u00bb{}\u00a0\u00bb][et_pb_column type=\u00a0\u00bb4_4&Prime; _builder_version=\u00a0\u00bb4.27.4&Prime; _module_preset=\u00a0\u00bbdefault\u00a0\u00bb global_colors_info=\u00a0\u00bb{}\u00a0\u00bb][et_pb_text _builder_version=\u00a0\u00bb4.27.4&Prime; _module_preset=\u00a0\u00bbdefault\u00a0\u00bb global_colors_info=\u00a0\u00bb{}\u00a0\u00bb]<\/p>\n<h1 style=\"text-align: center;\"><span style=\"color: #ffffff;\">Club<\/span><\/h1>\n<p>[\/et_pb_text][\/et_pb_column][\/et_pb_row][\/et_pb_section][et_pb_section fb_built=\u00a0\u00bb1&Prime; _builder_version=\u00a0\u00bb4.27.4&Prime; _module_preset=\u00a0\u00bbdefault\u00a0\u00bb da_disable_devices=\u00a0\u00bboff|off|off\u00a0\u00bb global_colors_info=\u00a0\u00bb{}\u00a0\u00bb da_is_popup=\u00a0\u00bboff\u00a0\u00bb da_exit_intent=\u00a0\u00bboff\u00a0\u00bb da_has_close=\u00a0\u00bbon\u00a0\u00bb da_alt_close=\u00a0\u00bboff\u00a0\u00bb da_dark_close=\u00a0\u00bboff\u00a0\u00bb da_not_modal=\u00a0\u00bbon\u00a0\u00bb da_is_singular=\u00a0\u00bboff\u00a0\u00bb da_with_loader=\u00a0\u00bboff\u00a0\u00bb da_has_shadow=\u00a0\u00bbon\u00a0\u00bb][et_pb_row _builder_version=\u00a0\u00bb4.27.4&Prime; _module_preset=\u00a0\u00bbdefault\u00a0\u00bb hover_enabled=\u00a0\u00bb0&Prime; global_colors_info=\u00a0\u00bb{}\u00a0\u00bb sticky_enabled=\u00a0\u00bb0&Prime;][et_pb_column type=\u00a0\u00bb4_4&Prime; _builder_version=\u00a0\u00bb4.27.4&Prime; _module_preset=\u00a0\u00bbdefault\u00a0\u00bb global_colors_info=\u00a0\u00bb{}\u00a0\u00bb][et_pb_accordion open_toggle_text_color=\u00a0\u00bb#1a376c\u00a0\u00bb open_toggle_background_color=\u00a0\u00bb#f4f4f4&Prime; closed_toggle_background_color=\u00a0\u00bb#1a376c\u00a0\u00bb _builder_version=\u00a0\u00bb4.27.5&Prime; _module_preset=\u00a0\u00bbdefault\u00a0\u00bb toggle_text_color=\u00a0\u00bb#FFFFFF\u00a0\u00bb toggle_font=\u00a0\u00bb|700|||||||\u00a0\u00bb body_font=\u00a0\u00bb|&#8211;et_global_body_font_weight|||||||\u00a0\u00bb body_font_size=\u00a0\u00bb12px\u00a0\u00bb hover_enabled=\u00a0\u00bb0&Prime; global_colors_info=\u00a0\u00bb{}\u00a0\u00bb sticky_enabled=\u00a0\u00bb0&Prime;][et_pb_accordion_item title=\u00a0\u00bbResponsabilit\u00e9s du Club \u00a0\u00bb open=\u00a0\u00bboff\u00a0\u00bb _builder_version=\u00a0\u00bb4.27.5&Prime; _module_preset=\u00a0\u00bbdefault\u00a0\u00bb hover_enabled=\u00a0\u00bb0&Prime; global_colors_info=\u00a0\u00bb{}\u00a0\u00bb sticky_enabled=\u00a0\u00bb0&Prime;]<\/p>\n<p>Les clubs de rugby occupent une place importante dans le d\u00e9veloppement de notre sport. Voici les principaux r\u00f4les et responsabilit\u00e9s d\u2019un club de rugby :<\/p>\n<p><strong>1. D\u00e9veloppement sportif<\/strong><br \/>Le r\u00f4le premier d\u2019un club de rugby est de former les joueurs, du niveau mini jusqu\u2019\u00e0 s\u00e9nior. Cela inclut :<br \/>L\u2019enseignement des r\u00e8gles et des techniques du rugby.<br \/>Le d\u00e9veloppement des capacit\u00e9s physiques, mentales et tactiques.<br \/>L\u2019encadrement par des entra\u00eeneurs qualifi\u00e9s et passionn\u00e9s.<\/p>\n<p><strong>2. Transmission des valeurs du rugby<\/strong><br \/>Le rugby est un sport porteur de fortes valeurs, que le club a la responsabilit\u00e9 de transmettre :<br \/>Mettre les valeur de notre site web)<\/p>\n<p><strong>3. Encadrement et s\u00e9curit\u00e9<\/strong><br \/>Le club doit garantir un environnement s\u00e9curis\u00e9 pour tous ses membres :<br \/>Il doit respecter les r\u00e8glements de s\u00e9curit\u00e9 en vigueur lors des entra\u00eenements et des matchs, afin d\u2019assurer la protection physique et morale des joueurs.<br \/>Il doit \u00e9galement se conformer aux r\u00e8glements de s\u00e9curit\u00e9 concernant l\u2019encadrement des joueurs, des spectateurs et de toutes les personnes impliqu\u00e9es dans les activit\u00e9s du club.<\/p>\n<p><strong>4. Adh\u00e9rer aux r\u00e8glements de Rugby Qu\u00e9bec et Rugby Canada<\/strong><br \/>Le club doit respecter les r\u00e8glements techniques, disciplinaires et administratifs en vigueur.<br \/>Il doit aussi promouvoir les valeurs du rugby : respect, int\u00e9grit\u00e9, solidarit\u00e9, passion et discipline.<\/p>\n<p><strong>5. Participer \u00e0 la vie f\u00e9d\u00e9rative<\/strong><br \/>Le club est encourag\u00e9 \u00e0 participer aux assembl\u00e9es g\u00e9n\u00e9rales, formations, et comp\u00e9titions officielles.<br \/>Il peut aussi \u00eatre impliqu\u00e9 dans des programmes de d\u00e9veloppement ou des initiatives communautaires<\/p>\n<ul><\/ul>\n<p>[\/et_pb_accordion_item][et_pb_accordion_item title=\u00a0\u00bbActivit\u00e9s et Programmes\u00a0\u00bb _builder_version=\u00a0\u00bb4.27.5&Prime; _module_preset=\u00a0\u00bbdefault\u00a0\u00bb hover_enabled=\u00a0\u00bb0&Prime; global_colors_info=\u00a0\u00bb{}\u00a0\u00bb open=\u00a0\u00bbon\u00a0\u00bb sticky_enabled=\u00a0\u00bb0&Prime;]<\/p>\n<h5><strong>Mini (5 \u00e0 12 ans)<\/strong><\/h5>\n<ul>\n<li>Jamboree &#8211; fin mai \u00e0 fin ao\u00fbt<\/li>\n<\/ul>\n<h5><strong>LPR Junior (13 \u00e0 18 ans)<\/strong><\/h5>\n<ul>\n<li>Tounois junior (U14 &#8211; U16 &#8211; U18) \u00a0&#8211; Fin mai \u00e0 fin ao\u00fbt<\/li>\n<li>Tournoi des R\u00e9gions (simulation des Jeux du Qu\u00e9bec)<\/li>\n<li>Ligue d&rsquo;automne \u00e0 7s<\/li>\n<\/ul>\n<h5><strong>LPR S\u00e9nior (18 ans et +)<\/strong><\/h5>\n<ul>\n<li>LPR S\u00e9nior 15s (mai \u00e0 ao\u00fbt)<\/li>\n<li>Ligue d&rsquo;automne 7s (Septembre \u00e0 mi-novembre)<\/li>\n<li>Ligue r\u00e9cr\u00e9ative s\u00e9nior v\u00e9t\u00e9rans (fin mai \u00e0 fin octobre)<\/li>\n<\/ul>\n<p>[\/et_pb_accordion_item][et_pb_accordion_item title=\u00a0\u00bbProgramme d&rsquo;Appui au D\u00e9veloppement \u00a0\u00bb _builder_version=\u00a0\u00bb4.27.5&Prime; _module_preset=\u00a0\u00bbdefault\u00a0\u00bb hover_enabled=\u00a0\u00bb0&Prime; global_colors_info=\u00a0\u00bb{}\u00a0\u00bb open=\u00a0\u00bboff\u00a0\u00bb sticky_enabled=\u00a0\u00bb0&Prime;]<\/p>\n<p><span data-teams=\"true\">Tous les membres des clubs et associations r\u00e9gionales ont l&rsquo;opportunit\u00e9 de soumettre des projets pour obtenir une aide de Rugby Qu\u00e9bec \u00e0 travers le programme d&rsquo;Appui au d\u00e9veloppement. Ce programme a \u00e9t\u00e9 con\u00e7u pour soutenir toutes les entit\u00e9s d\u00e9sireuses de d\u00e9velopper des projets structurants au niveau local ou r\u00e9gional.\u00a0<\/span><\/p>\n<p>\ud83d\udc49 <strong><a href=\"https:\/\/activitymessenger.com\/p\/P2xgKSq\">D\u00e9poser un projet\u00a0<\/a><\/strong><\/p>\n<p>[\/et_pb_accordion_item][et_pb_accordion_item title=\u00a0\u00bbDevenir un Club\u00a0\u00bb _builder_version=\u00a0\u00bb4.27.5&Prime; _module_preset=\u00a0\u00bbdefault\u00a0\u00bb link_option_url_new_window=\u00a0\u00bbon\u00a0\u00bb hover_enabled=\u00a0\u00bb0&Prime; global_colors_info=\u00a0\u00bb{}\u00a0\u00bb open=\u00a0\u00bboff\u00a0\u00bb sticky_enabled=\u00a0\u00bb0&Prime;]<\/p>\n<p><strong><a href=\"https:\/\/quebecrugby-my.sharepoint.com\/:b:\/g\/personal\/llessard_rugbyquebec_org\/EdRjxm1QSi1OiIDlwL8wSMQBHlR9Bx6Oc_a_FZHV-wFAGw?e=aUzbaJ\">\ud83d\udc49 Formulaire d&rsquo;affiliation Club\u00a0<\/a><\/strong><\/p>\n<p>[\/et_pb_accordion_item][et_pb_accordion_item title=\u00a0\u00bbTrouver un Club\u00a0\u00bb _builder_version=\u00a0\u00bb4.27.5&Prime; _module_preset=\u00a0\u00bbdefault\u00a0\u00bb link_option_url_new_window=\u00a0\u00bbon\u00a0\u00bb hover_enabled=\u00a0\u00bb0&Prime; global_colors_info=\u00a0\u00bb{}\u00a0\u00bb open=\u00a0\u00bboff\u00a0\u00bb sticky_enabled=\u00a0\u00bb0&Prime;]<\/p>\n<p>Tu veux jouer au rugby ? Trouve ton club d\u00e8s maintenant en cliquant <strong><a href=\"https:\/\/rugbyquebec.org\/index.php\/trouver-un-club\/%20\">ICI<\/a><\/strong><\/p>\n<p>[\/et_pb_accordion_item][et_pb_accordion_item title=\u00a0\u00bbBo\u00eete \u00e0 outil\u00a0\u00bb _builder_version=\u00a0\u00bb4.27.5&Prime; _module_preset=\u00a0\u00bbdefault\u00a0\u00bb link_option_url_new_window=\u00a0\u00bbon\u00a0\u00bb hover_enabled=\u00a0\u00bb0&Prime; global_colors_info=\u00a0\u00bb{}\u00a0\u00bb open=\u00a0\u00bboff\u00a0\u00bb sticky_enabled=\u00a0\u00bb0&Prime;]<\/p>\n<p><strong><a href=\"https:\/\/rugby.ca\/uploads\/attachments\/TackleSmart\/RugbyCanada_TackleSmartGuide_FR.pdf\">\ud83d\udc49 Trousse de marketing\u00a0<\/a><\/strong><\/p>\n<p>[\/et_pb_accordion_item][\/et_pb_accordion][\/et_pb_column][\/et_pb_row][\/et_pb_section]<\/p>\n","protected":false},"excerpt":{"rendered":"<p>ClubLes clubs de rugby occupent une place importante dans le d\u00e9veloppement de notre sport. Voici les principaux r\u00f4les et responsabilit\u00e9s d\u2019un club de rugby : 1. D\u00e9veloppement sportifLe r\u00f4le premier d\u2019un club de rugby est de former les joueurs, du niveau mini jusqu\u2019\u00e0 s\u00e9nior. Cela inclut :L\u2019enseignement des r\u00e8gles et des techniques du rugby.Le d\u00e9veloppement [&hellip;]<\/p>\n","protected":false},"author":3,"featured_media":0,"parent":0,"menu_order":0,"comment_status":"closed","ping_status":"closed","template":"","meta":{"_et_pb_use_builder":"on","_et_pb_old_content":"","_et_gb_content_width":"","footnotes":""},"class_list":["post-987510803","page","type-page","status-publish","hentry"],"_links":{"self":[{"href":"https:\/\/rugbyquebec.org\/index.php\/wp-json\/wp\/v2\/pages\/987510803","targetHints":{"allow":["GET"]}}],"collection":[{"href":"https:\/\/rugbyquebec.org\/index.php\/wp-json\/wp\/v2\/pages"}],"about":[{"href":"https:\/\/rugbyquebec.org\/index.php\/wp-json\/wp\/v2\/types\/page"}],"author":[{"embeddable":true,"href":"https:\/\/rugbyquebec.org\/index.php\/wp-json\/wp\/v2\/users\/3"}],"replies":[{"embeddable":true,"href":"https:\/\/rugbyquebec.org\/index.php\/wp-json\/wp\/v2\/comments?post=987510803"}],"version-history":[{"count":22,"href":"https:\/\/rugbyquebec.org\/index.php\/wp-json\/wp\/v2\/pages\/987510803\/revisions"}],"predecessor-version":[{"id":987511807,"href":"https:\/\/rugbyquebec.org\/index.php\/wp-json\/wp\/v2\/pages\/987510803\/revisions\/987511807"}],"wp:attachment":[{"href":"https:\/\/rugbyquebec.org\/index.php\/wp-json\/wp\/v2\/media?parent=987510803"}],"curies":[{"name":"wp","href":"https:\/\/api.w.org\/{rel}","templated":true}]}}