{"id":987509557,"date":"2025-02-20T19:42:43","date_gmt":"2025-02-21T00:42:43","guid":{"rendered":"http:\/\/localhost:8888\/rugby-quebec\/?page_id=987509557"},"modified":"2025-05-30T11:38:15","modified_gmt":"2025-05-30T16:38:15","slug":"tournoi-des-regions","status":"publish","type":"page","link":"https:\/\/rugbyquebec.org\/index.php\/tournoi-des-regions\/","title":{"rendered":"Tournoi des r\u00e9gions"},"content":{"rendered":"<p>[et_pb_section fb_built=\u00a0\u00bb1&Prime; fullwidth=\u00a0\u00bbon\u00a0\u00bb _builder_version=\u00a0\u00bb4.27.4&Prime; _module_preset=\u00a0\u00bbdefault\u00a0\u00bb background_image=\u00a0\u00bbhttp:\/\/rugbyquebec.org\/wp-content\/uploads\/2025\/04\/Site-internet-page-de-garde.png\u00a0\u00bb da_disable_devices=\u00a0\u00bboff|off|off\u00a0\u00bb global_colors_info=\u00a0\u00bb{}\u00a0\u00bb da_is_popup=\u00a0\u00bboff\u00a0\u00bb da_exit_intent=\u00a0\u00bboff\u00a0\u00bb da_has_close=\u00a0\u00bbon\u00a0\u00bb da_alt_close=\u00a0\u00bboff\u00a0\u00bb da_dark_close=\u00a0\u00bboff\u00a0\u00bb da_not_modal=\u00a0\u00bbon\u00a0\u00bb da_is_singular=\u00a0\u00bboff\u00a0\u00bb da_with_loader=\u00a0\u00bboff\u00a0\u00bb da_has_shadow=\u00a0\u00bbon\u00a0\u00bb][et_pb_fullwidth_header title=\u00a0\u00bbTournoi des r\u00e9gions\u00a0\u00bb text_orientation=\u00a0\u00bbcenter\u00a0\u00bb _builder_version=\u00a0\u00bb4.27.4&Prime; _module_preset=\u00a0\u00bbdefault\u00a0\u00bb background_color=\u00a0\u00bbRGBA(255,255,255,0)\u00a0\u00bb background_image=\u00a0\u00bbhttp:\/\/rugbyquebec.org\/wp-content\/uploads\/2025\/04\/Site-internet-page-de-garde.png\u00a0\u00bb background_blend=\u00a0\u00bboverlay\u00a0\u00bb global_colors_info=\u00a0\u00bb{}\u00a0\u00bb subhead__hover_enabled=\u00a0\u00bbon|desktop\u00a0\u00bb][\/et_pb_fullwidth_header][\/et_pb_section][et_pb_section fb_built=\u00a0\u00bb1&Prime; _builder_version=\u00a0\u00bb4.27.4&Prime; _module_preset=\u00a0\u00bbdefault\u00a0\u00bb custom_padding=\u00a0\u00bb4px||301px|||\u00a0\u00bb da_disable_devices=\u00a0\u00bboff|off|off\u00a0\u00bb global_colors_info=\u00a0\u00bb{}\u00a0\u00bb da_is_popup=\u00a0\u00bboff\u00a0\u00bb da_exit_intent=\u00a0\u00bboff\u00a0\u00bb da_has_close=\u00a0\u00bbon\u00a0\u00bb da_alt_close=\u00a0\u00bboff\u00a0\u00bb da_dark_close=\u00a0\u00bboff\u00a0\u00bb da_not_modal=\u00a0\u00bbon\u00a0\u00bb da_is_singular=\u00a0\u00bboff\u00a0\u00bb da_with_loader=\u00a0\u00bboff\u00a0\u00bb da_has_shadow=\u00a0\u00bbon\u00a0\u00bb][et_pb_row _builder_version=\u00a0\u00bb4.27.4&Prime; _module_preset=\u00a0\u00bbdefault\u00a0\u00bb custom_padding=\u00a0\u00bb||0px|||\u00a0\u00bb global_colors_info=\u00a0\u00bb{}\u00a0\u00bb][et_pb_column type=\u00a0\u00bb4_4&Prime; _builder_version=\u00a0\u00bb4.27.4&Prime; _module_preset=\u00a0\u00bbdefault\u00a0\u00bb global_colors_info=\u00a0\u00bb{}\u00a0\u00bb][et_pb_text _builder_version=\u00a0\u00bb4.27.4&Prime; _module_preset=\u00a0\u00bbdefault\u00a0\u00bb hover_enabled=\u00a0\u00bb0&Prime; global_colors_info=\u00a0\u00bb{}\u00a0\u00bb sticky_enabled=\u00a0\u00bb0&Prime;]<\/p>\n<h1><span style=\"color: #003366;\">C&rsquo;est quoi le tournoi des r\u00e9gions ?\u00a0<\/span><\/h1>\n<p>[\/et_pb_text][et_pb_text _builder_version=\u00a0\u00bb4.27.4&Prime; _module_preset=\u00a0\u00bbdefault\u00a0\u00bb custom_margin=\u00a0\u00bb-17px||-12px|||\u00a0\u00bb global_colors_info=\u00a0\u00bb{}\u00a0\u00bb]<\/p>\n<p>Tu aspires \u00e0 repr\u00e9senter fi\u00e8rement ta r\u00e9gion et \u00e0 rivaliser avec les meilleur\u00b7es athl\u00e8tes du Qu\u00e9bec ? C\u2019est l\u2019opportunit\u00e9 que tu attends !<\/p>\n<p>Les athl\u00e8tes s\u00e9lectionn\u00e9\u00b7es auront le privil\u00e8ge de repr\u00e9senter leur r\u00e9gion lors de l\u2019attendu Tournoi des r\u00e9gions 2025, qui aura lieu cette ann\u00e9e le Dimanche 29 juin 2025 \u00e0 Trois-Rivi\u00e8res. Cet \u00e9v\u00e9nement d\u2019envergure est organis\u00e9 par la F\u00e9d\u00e9ration de Rugby du Qu\u00e9bec et son partenaire, le club des\u00a0<b> Braves de Trois- Rivi\u00e8res.<\/b><\/p>\n<p>&nbsp;<\/p>\n<p>[\/et_pb_text][et_pb_button button_url=\u00a0\u00bb@ET-DC@eyJkeW5hbWljIjp0cnVlLCJjb250ZW50IjoicG9zdF9saW5rX3VybF9wYWdlIiwic2V0dGluZ3MiOnsicG9zdF9pZCI6Ijk4NzUxMDU1NCJ9fQ==@\u00a0\u00bb button_text=\u00a0\u00bbCamps d&rsquo;identifications r\u00e9gionaux \u00a0\u00bb button_alignment=\u00a0\u00bbcenter\u00a0\u00bb _builder_version=\u00a0\u00bb4.27.4&Prime; _dynamic_attributes=\u00a0\u00bbbutton_url\u00a0\u00bb _module_preset=\u00a0\u00bbdefault\u00a0\u00bb custom_margin=\u00a0\u00bb||30px|||\u00a0\u00bb custom_padding=\u00a0\u00bb|23px|5px|25px||\u00a0\u00bb global_colors_info=\u00a0\u00bb{}\u00a0\u00bb][\/et_pb_button][et_pb_code _builder_version=\u00a0\u00bb4.27.4&Prime; _module_preset=\u00a0\u00bbdefault\u00a0\u00bb global_colors_info=\u00a0\u00bb{}\u00a0\u00bb]<!-- Swiper CSS --><!-- [et_pb_line_break_holder] --><link<!-- [et_pb_line_break_holder] -->  rel=\u00a0\u00bbstylesheet\u00a0\u00bb<!-- [et_pb_line_break_holder] -->  href=\u00a0\u00bbhttps:\/\/cdn.jsdelivr.net\/npm\/swiper@9\/swiper-bundle.min.css\u00a0\u00bb<!-- [et_pb_line_break_holder] -->\/><!-- [et_pb_line_break_holder] --><!-- [et_pb_line_break_holder] --><\/p>\n<style><!-- [et_pb_line_break_holder] -->.swiper-container {<!-- [et_pb_line_break_holder] -->  width: 100%;<!-- [et_pb_line_break_holder] -->  padding: 20px 0;<!-- [et_pb_line_break_holder] -->}<!-- [et_pb_line_break_holder] -->.swiper-slide {<!-- [et_pb_line_break_holder] -->  display: flex;<!-- [et_pb_line_break_holder] -->  justify-content: center;<!-- [et_pb_line_break_holder] -->  align-items: center;<!-- [et_pb_line_break_holder] -->}<!-- [et_pb_line_break_holder] -->.swiper-slide img {<!-- [et_pb_line_break_holder] -->  width: 100%;<!-- [et_pb_line_break_holder] -->  height: 300px;<!-- [et_pb_line_break_holder] -->  object-fit: cover; \/* Conserve le format, personne visible *\/<!-- [et_pb_line_break_holder] -->  border-radius: 12px;<!-- [et_pb_line_break_holder] -->}<!-- [et_pb_line_break_holder] --><\/style>\n<p><!-- [et_pb_line_break_holder] --><!-- [et_pb_line_break_holder] --><!-- HTML --><!-- [et_pb_line_break_holder] --><\/p>\n<div class=\"swiper-container\"><!-- [et_pb_line_break_holder] -->  <\/p>\n<div class=\"swiper-wrapper\"><!-- [et_pb_line_break_holder] -->    <!-- Remplace les URL par tes vraies images --><!-- [et_pb_line_break_holder] -->    <\/p>\n<div class=\"swiper-slide\"><img decoding=\"async\" src=\"http:\/\/rugbyquebec.org\/wp-content\/uploads\/2025\/05\/PDV8936-scaled.jpg\" alt=\"photo 1\" \/><\/div>\n<p><!-- [et_pb_line_break_holder] -->    <\/p>\n<div class=\"swiper-slide\"><img decoding=\"async\" src=\"http:\/\/rugbyquebec.org\/wp-content\/uploads\/2025\/05\/PDV5902-1-scaled.jpg\" alt=\"photo 2\" \/><\/div>\n<p><!-- [et_pb_line_break_holder] -->    <\/p>\n<div class=\"swiper-slide\"><img decoding=\"async\" src=\"http:\/\/rugbyquebec.org\/wp-content\/uploads\/2025\/05\/PDV6466-scaled.jpg\" alt=\"photo 3\" \/><\/div>\n<p><!-- [et_pb_line_break_holder] -->    <\/p>\n<div class=\"swiper-slide\"><img decoding=\"async\" src=\"http:\/\/rugbyquebec.org\/wp-content\/uploads\/2025\/05\/PDV8643-scaled.jpg\" alt=\"photo 4\" \/><\/div>\n<p><!-- [et_pb_line_break_holder] -->    <\/p>\n<div class=\"swiper-slide\"><img decoding=\"async\" src=\"http:\/\/rugbyquebec.org\/wp-content\/uploads\/2025\/05\/PDV8279-scaled.jpg\" alt=\"photo 5\" \/><\/div>\n<p><!-- [et_pb_line_break_holder] -->    <\/p>\n<div class=\"swiper-slide\"><img decoding=\"async\" src=\"http:\/\/rugbyquebec.org\/wp-content\/uploads\/2025\/05\/PDV6536-scaled.jpg\" alt=\"photo 6\" \/><\/div>\n<p><!-- [et_pb_line_break_holder] -->    <\/p>\n<div class=\"swiper-slide\"><img decoding=\"async\" src=\"http:\/\/rugbyquebec.org\/wp-content\/uploads\/2025\/05\/PDV6528-scaled.jpg\" alt=\"photo 7\" \/><\/div>\n<p><!-- [et_pb_line_break_holder] -->    <\/p>\n<div class=\"swiper-slide\"><img decoding=\"async\" src=\"http:\/\/rugbyquebec.org\/wp-content\/uploads\/2025\/05\/PDV6440-scaled.jpg\" alt=\"photo 8\" \/><\/div>\n<p><!-- [et_pb_line_break_holder] -->  <\/div>\n<p><!-- [et_pb_line_break_holder] --><\/div>\n<p><!-- [et_pb_line_break_holder] --><!-- [et_pb_line_break_holder] --><!-- Swiper JS --><!-- [et_pb_line_break_holder] --><script src=\"https:\/\/cdn.jsdelivr.net\/npm\/swiper@9\/swiper-bundle.min.js\"><\/script><!-- [et_pb_line_break_holder] --><script><!-- [et_pb_line_break_holder] -->  const swiper = new Swiper('.swiper-container', {<!-- [et_pb_line_break_holder] -->    slidesPerView: 3,<!-- [et_pb_line_break_holder] -->    spaceBetween: 20,<!-- [et_pb_line_break_holder] -->    loop: true,<!-- [et_pb_line_break_holder] -->    speed: 2000, \/\/ Vitesse d'animation (plus lent = plus fluide)<!-- [et_pb_line_break_holder] -->    autoplay: {<!-- [et_pb_line_break_holder] -->      delay: 0, \/\/ Aucun d\u00e9lai, d\u00e9filement continu<!-- [et_pb_line_break_holder] -->      disableOnInteraction: false,<!-- [et_pb_line_break_holder] -->    },<!-- [et_pb_line_break_holder] -->    allowTouchMove: false, \/\/ Emp\u00eache le swipe manuel (optionnel)<!-- [et_pb_line_break_holder] -->    breakpoints: {<!-- [et_pb_line_break_holder] -->      320: {<!-- [et_pb_line_break_holder] -->        slidesPerView: 1,<!-- [et_pb_line_break_holder] -->      },<!-- [et_pb_line_break_holder] -->      768: {<!-- [et_pb_line_break_holder] -->        slidesPerView: 2,<!-- [et_pb_line_break_holder] -->      },<!-- [et_pb_line_break_holder] -->      1024: {<!-- [et_pb_line_break_holder] -->        slidesPerView: 3,<!-- [et_pb_line_break_holder] -->      },<!-- [et_pb_line_break_holder] -->    },<!-- [et_pb_line_break_holder] -->  });<!-- [et_pb_line_break_holder] --><\/script><!-- [et_pb_line_break_holder] -->[\/et_pb_code][\/et_pb_column][\/et_pb_row][et_pb_row _builder_version=\u00a0\u00bb4.27.4&Prime; _module_preset=\u00a0\u00bbdefault\u00a0\u00bb custom_padding=\u00a0\u00bb0px|||||\u00a0\u00bb global_colors_info=\u00a0\u00bb{}\u00a0\u00bb][et_pb_column type=\u00a0\u00bb4_4&Prime; _builder_version=\u00a0\u00bb4.27.4&Prime; _module_preset=\u00a0\u00bbdefault\u00a0\u00bb global_colors_info=\u00a0\u00bb{}\u00a0\u00bb][et_pb_icon font_icon=\u00a0\u00bb&#xf073;||fa||400&Prime; _builder_version=\u00a0\u00bb4.27.4&Prime; _module_preset=\u00a0\u00bbdefault\u00a0\u00bb global_colors_info=\u00a0\u00bb{}\u00a0\u00bb][\/et_pb_icon][\/et_pb_column][\/et_pb_row][et_pb_row _builder_version=\u00a0\u00bb4.27.4&Prime; _module_preset=\u00a0\u00bbdefault\u00a0\u00bb background_color=\u00a0\u00bb#033372&Prime; min_height=\u00a0\u00bb44px\u00a0\u00bb custom_padding=\u00a0\u00bb12px||6px|||\u00a0\u00bb global_colors_info=\u00a0\u00bb{}\u00a0\u00bb][et_pb_column type=\u00a0\u00bb4_4&Prime; _builder_version=\u00a0\u00bb4.27.4&Prime; _module_preset=\u00a0\u00bbdefault\u00a0\u00bb global_colors_info=\u00a0\u00bb{}\u00a0\u00bb][et_pb_text _builder_version=\u00a0\u00bb4.27.4&Prime; _module_preset=\u00a0\u00bbdefault\u00a0\u00bb global_colors_info=\u00a0\u00bb{}\u00a0\u00bb]<\/p>\n<h1 style=\"text-align: center;\"><span style=\"color: #ffffff;\"><strong>Calendrier des matchs\u00a0<\/strong><\/span><\/h1>\n<p>[\/et_pb_text][\/et_pb_column][\/et_pb_row][et_pb_row _builder_version=\u00a0\u00bb4.27.4&Prime; _module_preset=\u00a0\u00bbdefault\u00a0\u00bb custom_padding=\u00a0\u00bb56px|||||\u00a0\u00bb global_colors_info=\u00a0\u00bb{}\u00a0\u00bb][et_pb_column type=\u00a0\u00bb4_4&Prime; _builder_version=\u00a0\u00bb4.27.4&Prime; _module_preset=\u00a0\u00bbdefault\u00a0\u00bb global_colors_info=\u00a0\u00bb{}\u00a0\u00bb][et_pb_icon font_icon=\u00a0\u00bb&#xf251;||fa||900&Prime; _builder_version=\u00a0\u00bb4.27.4&Prime; _module_preset=\u00a0\u00bbdefault\u00a0\u00bb global_colors_info=\u00a0\u00bb{}\u00a0\u00bb][\/et_pb_icon][et_pb_text _builder_version=\u00a0\u00bb4.27.4&Prime; _module_preset=\u00a0\u00bbdefault\u00a0\u00bb custom_margin=\u00a0\u00bb-15px|||||\u00a0\u00bb custom_padding=\u00a0\u00bb0px|||||\u00a0\u00bb global_colors_info=\u00a0\u00bb{}\u00a0\u00bb]<\/p>\n<h4 style=\"text-align: center;\"><span style=\"color: #003366;\"><strong>\u00c0\u00a0venir<\/strong><\/span><\/h4>\n<p>[\/et_pb_text][\/et_pb_column][\/et_pb_row][\/et_pb_section]<\/p>\n","protected":false},"excerpt":{"rendered":"<p>C&rsquo;est quoi le tournoi des r\u00e9gions ?\u00a0Tu aspires \u00e0 repr\u00e9senter fi\u00e8rement ta r\u00e9gion et \u00e0 rivaliser avec les meilleur\u00b7es athl\u00e8tes du Qu\u00e9bec ? C\u2019est l\u2019opportunit\u00e9 que tu attends ! Les athl\u00e8tes s\u00e9lectionn\u00e9\u00b7es auront le privil\u00e8ge de repr\u00e9senter leur r\u00e9gion lors de l\u2019attendu Tournoi des r\u00e9gions 2025, qui aura lieu cette ann\u00e9e le Dimanche 29 juin [&hellip;]<\/p>\n","protected":false},"author":3,"featured_media":0,"parent":0,"menu_order":0,"comment_status":"closed","ping_status":"closed","template":"","meta":{"_et_pb_use_builder":"on","_et_pb_old_content":"","_et_gb_content_width":"","footnotes":""},"class_list":["post-987509557","page","type-page","status-publish","hentry"],"_links":{"self":[{"href":"https:\/\/rugbyquebec.org\/index.php\/wp-json\/wp\/v2\/pages\/987509557","targetHints":{"allow":["GET"]}}],"collection":[{"href":"https:\/\/rugbyquebec.org\/index.php\/wp-json\/wp\/v2\/pages"}],"about":[{"href":"https:\/\/rugbyquebec.org\/index.php\/wp-json\/wp\/v2\/types\/page"}],"author":[{"embeddable":true,"href":"https:\/\/rugbyquebec.org\/index.php\/wp-json\/wp\/v2\/users\/3"}],"replies":[{"embeddable":true,"href":"https:\/\/rugbyquebec.org\/index.php\/wp-json\/wp\/v2\/comments?post=987509557"}],"version-history":[{"count":25,"href":"https:\/\/rugbyquebec.org\/index.php\/wp-json\/wp\/v2\/pages\/987509557\/revisions"}],"predecessor-version":[{"id":987510894,"href":"https:\/\/rugbyquebec.org\/index.php\/wp-json\/wp\/v2\/pages\/987509557\/revisions\/987510894"}],"wp:attachment":[{"href":"https:\/\/rugbyquebec.org\/index.php\/wp-json\/wp\/v2\/media?parent=987509557"}],"curies":[{"name":"wp","href":"https:\/\/api.w.org\/{rel}","templated":true}]}}