{"id":987509536,"date":"2025-02-20T19:22:18","date_gmt":"2025-02-21T00:22:18","guid":{"rendered":"http:\/\/localhost:8888\/rugby-quebec\/?page_id=987509536"},"modified":"2025-06-10T12:52:39","modified_gmt":"2025-06-10T17:52:39","slug":"lpr-juniors","status":"publish","type":"page","link":"https:\/\/rugbyquebec.org\/index.php\/lpr-juniors\/","title":{"rendered":"LPR juniors"},"content":{"rendered":"<p>[et_pb_section fb_built=\u00a0\u00bb1&Prime; fullwidth=\u00a0\u00bbon\u00a0\u00bb _builder_version=\u00a0\u00bb4.27.4&Prime; _module_preset=\u00a0\u00bbdefault\u00a0\u00bb da_disable_devices=\u00a0\u00bboff|off|off\u00a0\u00bb global_colors_info=\u00a0\u00bb{}\u00a0\u00bb da_is_popup=\u00a0\u00bboff\u00a0\u00bb da_exit_intent=\u00a0\u00bboff\u00a0\u00bb da_has_close=\u00a0\u00bbon\u00a0\u00bb da_alt_close=\u00a0\u00bboff\u00a0\u00bb da_dark_close=\u00a0\u00bboff\u00a0\u00bb da_not_modal=\u00a0\u00bbon\u00a0\u00bb da_is_singular=\u00a0\u00bboff\u00a0\u00bb da_with_loader=\u00a0\u00bboff\u00a0\u00bb da_has_shadow=\u00a0\u00bbon\u00a0\u00bb][et_pb_fullwidth_header title=\u00a0\u00bbLPR Juniors\u00a0\u00bb text_orientation=\u00a0\u00bbcenter\u00a0\u00bb _builder_version=\u00a0\u00bb4.27.4&Prime; _module_preset=\u00a0\u00bbdefault\u00a0\u00bb background_color=\u00a0\u00bbRGBA(255,255,255,0)\u00a0\u00bb background_image=\u00a0\u00bbhttp:\/\/rugbyquebec.org\/wp-content\/uploads\/2025\/04\/Site-internet-page-de-garde.png\u00a0\u00bb background_blend=\u00a0\u00bboverlay\u00a0\u00bb global_colors_info=\u00a0\u00bb{}\u00a0\u00bb subhead__hover_enabled=\u00a0\u00bbon|desktop\u00a0\u00bb][\/et_pb_fullwidth_header][\/et_pb_section][et_pb_section fb_built=\u00a0\u00bb1&Prime; _builder_version=\u00a0\u00bb4.27.4&Prime; _module_preset=\u00a0\u00bbdefault\u00a0\u00bb da_disable_devices=\u00a0\u00bboff|off|off\u00a0\u00bb global_colors_info=\u00a0\u00bb{}\u00a0\u00bb da_is_popup=\u00a0\u00bboff\u00a0\u00bb da_exit_intent=\u00a0\u00bboff\u00a0\u00bb da_has_close=\u00a0\u00bbon\u00a0\u00bb da_alt_close=\u00a0\u00bboff\u00a0\u00bb da_dark_close=\u00a0\u00bboff\u00a0\u00bb da_not_modal=\u00a0\u00bbon\u00a0\u00bb da_is_singular=\u00a0\u00bboff\u00a0\u00bb da_with_loader=\u00a0\u00bboff\u00a0\u00bb da_has_shadow=\u00a0\u00bbon\u00a0\u00bb][et_pb_row _builder_version=\u00a0\u00bb4.27.4&Prime; _module_preset=\u00a0\u00bbdefault\u00a0\u00bb global_colors_info=\u00a0\u00bb{}\u00a0\u00bb][et_pb_column type=\u00a0\u00bb4_4&Prime; _builder_version=\u00a0\u00bb4.27.4&Prime; _module_preset=\u00a0\u00bbdefault\u00a0\u00bb global_colors_info=\u00a0\u00bb{}\u00a0\u00bb][et_pb_text _builder_version=\u00a0\u00bb4.27.4&Prime; _module_preset=\u00a0\u00bbdefault\u00a0\u00bb custom_margin=\u00a0\u00bb||6px|||\u00a0\u00bb hover_enabled=\u00a0\u00bb0&Prime; global_colors_info=\u00a0\u00bb{}\u00a0\u00bb sticky_enabled=\u00a0\u00bb0&Prime;]<\/p>\n<h1><span style=\"color: #003366;\"><strong>C&rsquo;est quoi la LPR Junior ?<\/strong><\/span><\/h1>\n<p>[\/et_pb_text][et_pb_text _builder_version=\u00a0\u00bb4.27.4&Prime; _module_preset=\u00a0\u00bbdefault\u00a0\u00bb global_colors_info=\u00a0\u00bb{}\u00a0\u00bb]<\/p>\n<p>La <strong data-start=\"272\" data-end=\"322\">Ligue Provinciale de Rugby Junior (LPR Junior)<\/strong> est une comp\u00e9tition officielle organis\u00e9e par Rugby Qu\u00e9bec. Elle regroupe des \u00e9quipes <strong data-start=\"408\" data-end=\"422\">U16 et U18<\/strong>, gar\u00e7ons et filles, provenant de diff\u00e9rents clubs de la province.<br data-start=\"488\" data-end=\"491\" \/>Elle permet aux jeunes athl\u00e8tes de jouer \u00e0 un niveau comp\u00e9titif tout en continuant leur d\u00e9veloppement dans un cadre structur\u00e9.<\/p>\n<p>[\/et_pb_text][\/et_pb_column][\/et_pb_row][et_pb_row column_structure=\u00a0\u00bb1_3,1_3,1_3&Prime; _builder_version=\u00a0\u00bb4.27.4&Prime; _module_preset=\u00a0\u00bbdefault\u00a0\u00bb custom_padding=\u00a0\u00bb||0px|||\u00a0\u00bb global_colors_info=\u00a0\u00bb{}\u00a0\u00bb][et_pb_column type=\u00a0\u00bb1_3&Prime; _builder_version=\u00a0\u00bb4.27.4&Prime; _module_preset=\u00a0\u00bbdefault\u00a0\u00bb global_colors_info=\u00a0\u00bb{}\u00a0\u00bb][et_pb_icon font_icon=\u00a0\u00bb&#xe0f5;||divi||400&Prime; _builder_version=\u00a0\u00bb4.27.4&Prime; _module_preset=\u00a0\u00bbdefault\u00a0\u00bb custom_margin=\u00a0\u00bb||15px|||\u00a0\u00bb global_colors_info=\u00a0\u00bb{}\u00a0\u00bb][\/et_pb_icon][et_pb_text _builder_version=\u00a0\u00bb4.27.4&Prime; _module_preset=\u00a0\u00bbdefault\u00a0\u00bb global_colors_info=\u00a0\u00bb{}\u00a0\u00bb]<\/p>\n<h1 style=\"text-align: center;\"><span style=\"color: #003366;\"><strong>Les objectifs de la LPR Junior ?<\/strong><\/span><\/h1>\n<p>[\/et_pb_text][et_pb_text _builder_version=\u00a0\u00bb4.27.4&Prime; _module_preset=\u00a0\u00bbdefault\u00a0\u00bb custom_margin=\u00a0\u00bb-22px|||||\u00a0\u00bb global_colors_info=\u00a0\u00bb{}\u00a0\u00bb]<\/p>\n<p data-start=\"1579\" data-end=\"1601\">\n<ul data-start=\"1603\" data-end=\"1911\">\n<li data-start=\"1603\" data-end=\"1691\">\n<p data-start=\"1605\" data-end=\"1691\">Offrir une <strong data-start=\"1616\" data-end=\"1656\">exp\u00e9rience comp\u00e9titive et formatrice<\/strong> aux jeunes rugbymen et rugbywomen.<\/p>\n<\/li>\n<li data-start=\"1692\" data-end=\"1763\">\n<p data-start=\"1694\" data-end=\"1763\">Renforcer les <strong data-start=\"1708\" data-end=\"1728\">valeurs du rugby<\/strong> (respect, solidarit\u00e9, discipline).<\/p>\n<\/li>\n<li data-start=\"1764\" data-end=\"1843\">\n<p data-start=\"1766\" data-end=\"1843\">D\u00e9velopper des <strong data-start=\"1781\" data-end=\"1818\">habilet\u00e9s techniques et tactiques<\/strong> dans un cadre structur\u00e9.<\/p>\n<\/li>\n<li data-start=\"1844\" data-end=\"1911\">\n<p data-start=\"1846\" data-end=\"1911\">Cr\u00e9er un <strong data-start=\"1855\" data-end=\"1883\">sentiment d\u2019appartenance<\/strong> \u00e0 son \u00e9quipe et \u00e0 son club.<\/p>\n<\/li>\n<\/ul>\n<p>[\/et_pb_text][\/et_pb_column][et_pb_column type=\u00a0\u00bb1_3&Prime; _builder_version=\u00a0\u00bb4.27.4&Prime; _module_preset=\u00a0\u00bbdefault\u00a0\u00bb global_colors_info=\u00a0\u00bb{}\u00a0\u00bb][et_pb_icon font_icon=\u00a0\u00bb&#x54;||divi||400&Prime; _builder_version=\u00a0\u00bb4.27.4&Prime; _module_preset=\u00a0\u00bbdefault\u00a0\u00bb global_colors_info=\u00a0\u00bb{}\u00a0\u00bb][\/et_pb_icon][et_pb_text _builder_version=\u00a0\u00bb4.27.4&Prime; _module_preset=\u00a0\u00bbdefault\u00a0\u00bb global_colors_info=\u00a0\u00bb{}\u00a0\u00bb]<\/p>\n<h1 style=\"text-align: center;\"><span style=\"color: #003366;\"><strong>Comment rejoindre la LPR Junior ?<\/strong><\/span><\/h1>\n<p>[\/et_pb_text][et_pb_text _builder_version=\u00a0\u00bb4.27.4&Prime; _module_preset=\u00a0\u00bbdefault\u00a0\u00bb global_colors_info=\u00a0\u00bb{}\u00a0\u00bb]<\/p>\n<p style=\"text-align: center;\">Pour int\u00e9grer une \u00e9quipe LPR Junior, les jeunes doivent <strong data-start=\"2021\" data-end=\"2055\">s\u2019inscrire aupr\u00e8s de leur club<\/strong>. Certains clubs tiennent des <strong data-start=\"2085\" data-end=\"2121\">s\u00e9lections ou camps de d\u00e9tection<\/strong> au printemps. Il est recommand\u00e9 de contacter votre club local pour conna\u00eetre les modalit\u00e9s d&rsquo;inscription, les dates d\u2019essais et les frais.<\/p>\n<p>[\/et_pb_text][\/et_pb_column][et_pb_column type=\u00a0\u00bb1_3&Prime; _builder_version=\u00a0\u00bb4.27.4&Prime; _module_preset=\u00a0\u00bbdefault\u00a0\u00bb global_colors_info=\u00a0\u00bb{}\u00a0\u00bb][et_pb_icon font_icon=\u00a0\u00bb&#xe059;||divi||400&Prime; _builder_version=\u00a0\u00bb4.27.4&Prime; _module_preset=\u00a0\u00bbdefault\u00a0\u00bb global_colors_info=\u00a0\u00bb{}\u00a0\u00bb][\/et_pb_icon][et_pb_text _builder_version=\u00a0\u00bb4.27.4&Prime; _module_preset=\u00a0\u00bbdefault\u00a0\u00bb global_colors_info=\u00a0\u00bb{}\u00a0\u00bb]<\/p>\n<h1 style=\"text-align: center;\"><span style=\"color: #003366;\"><strong>Quel est le r\u00e8glement de la LPR Junior ?\u00a0<\/strong><\/span><\/h1>\n<p>[\/et_pb_text][et_pb_text _builder_version=\u00a0\u00bb4.27.4&Prime; _module_preset=\u00a0\u00bbdefault\u00a0\u00bb global_colors_info=\u00a0\u00bb{}\u00a0\u00bb]<\/p>\n<p>Les r\u00e8gles de la LPR Junior sont <strong data-start=\"2355\" data-end=\"2378\">adapt\u00e9es aux jeunes<\/strong> et suivent les recommandations de <strong data-start=\"2413\" data-end=\"2429\">Rugby Canada<\/strong> et <strong data-start=\"2433\" data-end=\"2449\">Rugby Qu\u00e9bec<\/strong>, notamment en mati\u00e8re de s\u00e9curit\u00e9, de dur\u00e9e de match, et de niveau de contact.<\/p>\n<p>[\/et_pb_text][et_pb_button button_url=\u00a0\u00bbhttps:\/\/activitymessenger-assets-ca.s3.ca-central-1.amazonaws.com\/documents\/fb9119161dc7e3046909da3f397192ef\/FRQ25_R%C3%A8glements_LPR_JUNIOR-%281%29.pdf\u00a0\u00bb url_new_window=\u00a0\u00bbon\u00a0\u00bb button_text=\u00a0\u00bbR\u00e8glement LPR Junior\u00a0\u00bb button_alignment=\u00a0\u00bbcenter\u00a0\u00bb _builder_version=\u00a0\u00bb4.27.4&Prime; _module_preset=\u00a0\u00bbdefault\u00a0\u00bb custom_button=\u00a0\u00bbon\u00a0\u00bb global_colors_info=\u00a0\u00bb{}\u00a0\u00bb][\/et_pb_button][\/et_pb_column][\/et_pb_row][et_pb_row _builder_version=\u00a0\u00bb4.27.4&Prime; _module_preset=\u00a0\u00bbdefault\u00a0\u00bb global_colors_info=\u00a0\u00bb{}\u00a0\u00bb][et_pb_column type=\u00a0\u00bb4_4&Prime; _builder_version=\u00a0\u00bb4.27.4&Prime; _module_preset=\u00a0\u00bbdefault\u00a0\u00bb global_colors_info=\u00a0\u00bb{}\u00a0\u00bb][et_pb_icon font_icon=\u00a0\u00bb&#xe023;||divi||400&Prime; _builder_version=\u00a0\u00bb4.27.4&Prime; _module_preset=\u00a0\u00bbdefault\u00a0\u00bb custom_margin=\u00a0\u00bb||4px|||\u00a0\u00bb global_colors_info=\u00a0\u00bb{}\u00a0\u00bb][\/et_pb_icon][et_pb_text _builder_version=\u00a0\u00bb4.27.4&Prime; _module_preset=\u00a0\u00bbdefault\u00a0\u00bb global_colors_info=\u00a0\u00bb{}\u00a0\u00bb]<\/p>\n<h1 style=\"text-align: center;\"><span style=\"color: #003366;\"><strong>Retrouvez l&rsquo;ensemble du calendrier LPR Junior 2025 !<\/strong><\/span><\/h1>\n<p>[\/et_pb_text][et_pb_image src=\u00a0\u00bbhttp:\/\/rugbyquebec.org\/wp-content\/uploads\/2025\/05\/IMG_9052.jpg\u00a0\u00bb alt=\u00a0\u00bbCalendrier junior 2025&Prime; title_text=\u00a0\u00bbCalendrier junior 2025&Prime; _builder_version=\u00a0\u00bb4.27.4&Prime; _module_preset=\u00a0\u00bbdefault\u00a0\u00bb global_colors_info=\u00a0\u00bb{}\u00a0\u00bb][\/et_pb_image][\/et_pb_column][\/et_pb_row][\/et_pb_section]<\/p>\n","protected":false},"excerpt":{"rendered":"<p>C&rsquo;est quoi la LPR Junior ?La Ligue Provinciale de Rugby Junior (LPR Junior) est une comp\u00e9tition officielle organis\u00e9e par Rugby Qu\u00e9bec. Elle regroupe des \u00e9quipes U16 et U18, gar\u00e7ons et filles, provenant de diff\u00e9rents clubs de la province.Elle permet aux jeunes athl\u00e8tes de jouer \u00e0 un niveau comp\u00e9titif tout en continuant leur d\u00e9veloppement dans un [&hellip;]<\/p>\n","protected":false},"author":3,"featured_media":0,"parent":0,"menu_order":0,"comment_status":"closed","ping_status":"closed","template":"","meta":{"_et_pb_use_builder":"on","_et_pb_old_content":"","_et_gb_content_width":"","footnotes":""},"class_list":["post-987509536","page","type-page","status-publish","hentry"],"_links":{"self":[{"href":"https:\/\/rugbyquebec.org\/index.php\/wp-json\/wp\/v2\/pages\/987509536","targetHints":{"allow":["GET"]}}],"collection":[{"href":"https:\/\/rugbyquebec.org\/index.php\/wp-json\/wp\/v2\/pages"}],"about":[{"href":"https:\/\/rugbyquebec.org\/index.php\/wp-json\/wp\/v2\/types\/page"}],"author":[{"embeddable":true,"href":"https:\/\/rugbyquebec.org\/index.php\/wp-json\/wp\/v2\/users\/3"}],"replies":[{"embeddable":true,"href":"https:\/\/rugbyquebec.org\/index.php\/wp-json\/wp\/v2\/comments?post=987509536"}],"version-history":[{"count":13,"href":"https:\/\/rugbyquebec.org\/index.php\/wp-json\/wp\/v2\/pages\/987509536\/revisions"}],"predecessor-version":[{"id":987511226,"href":"https:\/\/rugbyquebec.org\/index.php\/wp-json\/wp\/v2\/pages\/987509536\/revisions\/987511226"}],"wp:attachment":[{"href":"https:\/\/rugbyquebec.org\/index.php\/wp-json\/wp\/v2\/media?parent=987509536"}],"curies":[{"name":"wp","href":"https:\/\/api.w.org\/{rel}","templated":true}]}}